{"id":11365,"date":"2026-03-27T12:22:18","date_gmt":"2026-03-27T12:22:18","guid":{"rendered":"https:\/\/zielzeit-geringer.mgbtechnologiesdemo.in\/?product=infiray-unique-uh35"},"modified":"2026-03-27T12:22:18","modified_gmt":"2026-03-27T12:22:18","slug":"infiray-unique-uh35","status":"publish","type":"product","link":"https:\/\/zielzeit-geringer.mgbtechnologiesdemo.in\/?product=infiray-unique-uh35","title":{"rendered":"InfiRay Unique UH35"},"content":{"rendered":"<div class=\"h3 product-detail-description-title\">Produktinformationen &#8222;InfiRay Unique UH35&#8220;<\/div>\n<div class=\"product-detail-description-text\">\n<p><strong>InfiRay Unique UH35<\/strong><\/p>\n<p><strong>Technische Daten:<\/strong><\/p>\n<p><strong>Sensor:<\/strong> VOx<br \/>\n<strong>Aufl\u00f6sung:<\/strong> 640 x 512 px<br \/>\n<strong>Hz:<\/strong> 50 Hz<br \/>\n<strong>Pixel Gr\u00f6\u00dfe:<\/strong> 12 \u00b5m<br \/>\n<strong>NETD:<\/strong> &lt;25 mK<br \/>\n<strong>Brennweite:<\/strong> 35 mm<br \/>\n<strong>Schutzklasse:<\/strong> IP67<br \/>\n<strong>Gr\u00f6\u00dfe: <\/strong>195 x 65 x 50 mm<br \/>\n<strong>Gewicht:<\/strong> 540 g<\/p>\n<p><strong>Betriebsdauer:<\/strong> 10 Stunden<br \/>\n<strong>Stromversorgung:<\/strong> Eingebaute Batterie<br \/>\n<strong>Standby Mode:<\/strong> ja<br \/>\n<strong>Interner Speicher:<\/strong> 32 GB<br \/>\n<strong>Vergr\u00f6\u00dferung:<\/strong> \u00d71\/ \u00d72\/ \u00d74<br \/>\n<strong>Bildschirm:<\/strong> FHD OLED, 1044 x 1080 px<\/p>\n<\/div>\n","protected":false},"excerpt":{"rendered":"<p>Produktinformationen &#8222;InfiRay Unique UH35&#8220; InfiRay Unique UH35 Technische Daten: Sensor: VOx Aufl\u00f6sung: 640 x 512 px Hz: 50 Hz Pixel Gr\u00f6\u00dfe: 12 \u00b5m NETD: &lt;25 mK Brennweite: 35 mm Schutzklasse: IP67 Gr\u00f6\u00dfe: 195 x 65 x 50 mm Gewicht: 540 g Betriebsdauer: 10 Stunden Stromversorgung: Eingebaute Batterie Standby Mode: ja Interner Speicher: 32 GB Vergr\u00f6\u00dferung:&#8230;<\/p>\n","protected":false},"featured_media":0,"comment_status":"open","ping_status":"closed","template":"","meta":{"_kad_post_transparent":"","_kad_post_title":"","_kad_post_layout":"","_kad_post_sidebar_id":"","_kad_post_content_style":"","_kad_post_vertical_padding":"","_kad_post_feature":"","_kad_post_feature_position":"","_kad_post_header":false,"_kad_post_footer":false,"_kad_post_classname":""},"product_brand":[],"product_cat":[24,36],"product_tag":[],"class_list":{"0":"post-11365","1":"product","2":"type-product","3":"status-publish","5":"product_cat-optik","6":"product_cat-waermebildkameras","8":"first","9":"instock","10":"taxable","11":"shipping-taxable","12":"purchasable","13":"product-type-simple","14":"entry","15":"content-bg","16":"loop-entry"},"_links":{"self":[{"href":"https:\/\/zielzeit-geringer.mgbtechnologiesdemo.in\/index.php?rest_route=\/wp\/v2\/product\/11365","targetHints":{"allow":["GET"]}}],"collection":[{"href":"https:\/\/zielzeit-geringer.mgbtechnologiesdemo.in\/index.php?rest_route=\/wp\/v2\/product"}],"about":[{"href":"https:\/\/zielzeit-geringer.mgbtechnologiesdemo.in\/index.php?rest_route=\/wp\/v2\/types\/product"}],"replies":[{"embeddable":true,"href":"https:\/\/zielzeit-geringer.mgbtechnologiesdemo.in\/index.php?rest_route=%2Fwp%2Fv2%2Fcomments&post=11365"}],"wp:attachment":[{"href":"https:\/\/zielzeit-geringer.mgbtechnologiesdemo.in\/index.php?rest_route=%2Fwp%2Fv2%2Fmedia&parent=11365"}],"wp:term":[{"taxonomy":"product_brand","embeddable":true,"href":"https:\/\/zielzeit-geringer.mgbtechnologiesdemo.in\/index.php?rest_route=%2Fwp%2Fv2%2Fproduct_brand&post=11365"},{"taxonomy":"product_cat","embeddable":true,"href":"https:\/\/zielzeit-geringer.mgbtechnologiesdemo.in\/index.php?rest_route=%2Fwp%2Fv2%2Fproduct_cat&post=11365"},{"taxonomy":"product_tag","embeddable":true,"href":"https:\/\/zielzeit-geringer.mgbtechnologiesdemo.in\/index.php?rest_route=%2Fwp%2Fv2%2Fproduct_tag&post=11365"}],"curies":[{"name":"wp","href":"https:\/\/api.w.org\/{rel}","templated":true}]}}