{"id":11371,"date":"2026-03-27T12:22:18","date_gmt":"2026-03-27T12:22:18","guid":{"rendered":"https:\/\/zielzeit-geringer.mgbtechnologiesdemo.in\/?product=hikmicro-lynx-pro-lh19"},"modified":"2026-03-27T12:22:18","modified_gmt":"2026-03-27T12:22:18","slug":"hikmicro-lynx-pro-lh19","status":"publish","type":"product","link":"https:\/\/zielzeit-geringer.mgbtechnologiesdemo.in\/?product=hikmicro-lynx-pro-lh19","title":{"rendered":"HIKMICRO Lynx Pro LH19"},"content":{"rendered":"<p>Produktinformationen &#8222;HIKMICRO Lynx Pro LH19&#8220;<\/p>\n<p><strong>HIKMICRO Lynx PRO LH19<\/strong><\/p>\n<p>Ideal f\u00fcr Anwendungen in der Observation und Wildbeobachtung auf dem Feld und im Wald. Die LYNX Pro\u00a0LH19 ist sehr klein und handlich und bietet ein top Preis-Leistungsverh\u00e4ltnis. Das Ger\u00e4t ist bis\u00a0zu 1\/3 kleiner als vergleichbare andere Kameras und bietet schnelle und effiziente W\u00e4rmebilder. Neben der kleinen Gr\u00f6\u00dfe bietet das Ger\u00e4t einen funktionellen manuellen Fokus, startet schnell auf und passt in jede Jackentasche.<\/p>\n<p><strong>W\u00e4rmebildkamera:<\/strong><\/p>\n<p><strong>Sensor:<\/strong> VOx<br \/>\n<strong>Aufl\u00f6sung:<\/strong> 384 x 288 px<br \/>\n<strong>Hz:<\/strong> 50 Hz<br \/>\n<strong>Pixel Gr\u00f6\u00dfe:<\/strong> 12\u00b5m<br \/>\n<strong>Wellenl\u00e4nge:<\/strong> 8 \u00b5m bis 14 \u00b5m<br \/>\n<strong>NETD:<\/strong> weniger 35 mK (@25\u00b0C,F#=1.1)<br \/>\n<strong>Brennweite:<\/strong> 19 mm<br \/>\n<strong>Blende:<\/strong> F1.0<br \/>\n<strong>Vergr\u00f6\u00dferung:<\/strong> 1.86 bis 14.88<br \/>\n<strong>Erfassungsbereich:<\/strong> 980 m<br \/>\n<strong>Strom:<\/strong> 5 VDC\/2 A, 1.5 W, Type-C Interface<br \/>\n<strong>Betriebstemperatur:<\/strong> von -20 \u00b0C bis 55 \u00b0C<br \/>\n<strong>Schutzklasse:<\/strong> IP67<br \/>\n<strong>Gr\u00f6\u00dfe:<\/strong> 171 mm \u00d7 61 mm \u00d7 57 mm<br \/>\n<strong>Gewicht:<\/strong> 310 g<\/p>\n<p><strong>Batterieart:<\/strong> wiederaufladbare Lithium Batterie<br \/>\n<strong>Betriebsdauer:<\/strong> 7,5 Stunden mit Wi-Fi Hotspot aus oder 6 Stunden mit Wi-Fi Hotspot an<br \/>\n<strong>SD-Karte:<\/strong> integriert (8 GB)<br \/>\n<strong>Aufnahme:<\/strong> Bilder und Videos<br \/>\n<strong>Wi-Fi:<\/strong> verf\u00fcgbar<br \/>\n<strong>Standby Mode:<\/strong> ja<br \/>\n<strong>Bildschirm:<\/strong> LCOS, 1280 \u00d7 960 px<br \/>\n<strong>Farbeinstellungen:<\/strong> Wei\u00df hei\u00df, Schwarz hei\u00df, Rot hei\u00df, Fusion<br \/>\n<strong>Shutter Modus:<\/strong> Auto, Manuell, extern<br \/>\n<strong>Digital Zoom:<\/strong> 1 \u00d7, 2 \u00d7, 4 \u00d7, 8 \u00d7<\/p>\n<p><a href=\"https:\/\/www.innogun-shop.de\/media\/pdf\/07\/b5\/fa\/2022-01_IG_Datenblatt-HIK_L9xWO62cXe2uKJ.pdf\"> Datenblatt<\/a><\/p>\n<p><a href=\"https:\/\/www.innogun-shop.de\/media\/pdf\/8c\/a6\/33\/2022-01_Anleitung_LH25-19.pdf\"> Detailliertes Datenblatt<\/a><\/p>\n","protected":false},"excerpt":{"rendered":"<p>Produktinformationen &#8222;HIKMICRO Lynx Pro LH19&#8220; HIKMICRO Lynx PRO LH19 Ideal f\u00fcr Anwendungen in der Observation und Wildbeobachtung auf dem Feld und im Wald. Die LYNX Pro\u00a0LH19 ist sehr klein und handlich und bietet ein top Preis-Leistungsverh\u00e4ltnis. Das Ger\u00e4t ist bis\u00a0zu 1\/3 kleiner als vergleichbare andere Kameras und bietet schnelle und effiziente W\u00e4rmebilder. Neben der kleinen&#8230;<\/p>\n","protected":false},"featured_media":0,"comment_status":"open","ping_status":"closed","template":"","meta":{"_kad_post_transparent":"","_kad_post_title":"","_kad_post_layout":"","_kad_post_sidebar_id":"","_kad_post_content_style":"","_kad_post_vertical_padding":"","_kad_post_feature":"","_kad_post_feature_position":"","_kad_post_header":false,"_kad_post_footer":false,"_kad_post_classname":""},"product_brand":[],"product_cat":[24,36],"product_tag":[],"class_list":{"0":"post-11371","1":"product","2":"type-product","3":"status-publish","5":"product_cat-optik","6":"product_cat-waermebildkameras","8":"first","9":"instock","10":"taxable","11":"shipping-taxable","12":"purchasable","13":"product-type-simple","14":"entry","15":"content-bg","16":"loop-entry"},"_links":{"self":[{"href":"https:\/\/zielzeit-geringer.mgbtechnologiesdemo.in\/index.php?rest_route=\/wp\/v2\/product\/11371","targetHints":{"allow":["GET"]}}],"collection":[{"href":"https:\/\/zielzeit-geringer.mgbtechnologiesdemo.in\/index.php?rest_route=\/wp\/v2\/product"}],"about":[{"href":"https:\/\/zielzeit-geringer.mgbtechnologiesdemo.in\/index.php?rest_route=\/wp\/v2\/types\/product"}],"replies":[{"embeddable":true,"href":"https:\/\/zielzeit-geringer.mgbtechnologiesdemo.in\/index.php?rest_route=%2Fwp%2Fv2%2Fcomments&post=11371"}],"wp:attachment":[{"href":"https:\/\/zielzeit-geringer.mgbtechnologiesdemo.in\/index.php?rest_route=%2Fwp%2Fv2%2Fmedia&parent=11371"}],"wp:term":[{"taxonomy":"product_brand","embeddable":true,"href":"https:\/\/zielzeit-geringer.mgbtechnologiesdemo.in\/index.php?rest_route=%2Fwp%2Fv2%2Fproduct_brand&post=11371"},{"taxonomy":"product_cat","embeddable":true,"href":"https:\/\/zielzeit-geringer.mgbtechnologiesdemo.in\/index.php?rest_route=%2Fwp%2Fv2%2Fproduct_cat&post=11371"},{"taxonomy":"product_tag","embeddable":true,"href":"https:\/\/zielzeit-geringer.mgbtechnologiesdemo.in\/index.php?rest_route=%2Fwp%2Fv2%2Fproduct_tag&post=11371"}],"curies":[{"name":"wp","href":"https:\/\/api.w.org\/{rel}","templated":true}]}}