{"id":11383,"date":"2026-03-27T12:22:19","date_gmt":"2026-03-27T12:22:19","guid":{"rendered":"https:\/\/zielzeit-geringer.mgbtechnologiesdemo.in\/?product=hikmicro-habrok-pro-hq50l"},"modified":"2026-03-27T12:22:19","modified_gmt":"2026-03-27T12:22:19","slug":"hikmicro-habrok-pro-hq50l","status":"publish","type":"product","link":"https:\/\/zielzeit-geringer.mgbtechnologiesdemo.in\/?product=hikmicro-habrok-pro-hq50l","title":{"rendered":"Hikmicro Habrok Pro HQ50L"},"content":{"rendered":"<h2 class=\"product-detail-description-title\">Produktinformationen &#8222;Hikmicro Habrok Pro HQ50L&#8220;<\/h2>\n<div class=\"product-detail-description-text\">\n<p><b>Hikmicro Habrok Pro HQ50L<\/b><\/p>\n<p>H\u00f6here W\u00e4remempfindlichkeit, einfachere Identifizierung und Erkennung. Egal ob bei Regen, Nebel oder v\u00f6lliger Dunkelheit. Mit dem NETD-Wert der n\u00e4chsten Generation von HABROK Pro werden die geschlechtsspezifischen und verhaltensspezifischen Besonderheiten von Tieren gut sichtbar und unterscheidbar.<\/p>\n<p><b>Technische Daten<\/b><br \/>\nAufl\u00f6sung: 640 x 512 px<br \/>\nSensor-Technologie: VOx<br \/>\nIR Wellenl\u00e4nge: 850nm<br \/>\nNETD: &lt;15 mK<br \/>\nBildfrequenz: 50 Hz<br \/>\nObjektivlinse: 50mm<br \/>\nSichtfeld: 7.3\u00b0 x 4.1\u00b0 \/ 12.6m \u00d7 7.2m<br \/>\nOLED Display: 1920 x 1080 px<br \/>\nBatterietyp: wiederaufladbaren Lithium- Ionen-Akku<br \/>\nDigitaler Zoom: 1x, 2x, 4x<br \/>\nEntdeckungsdistanz: 2600m<br \/>\nFoto- und Videoaufnahme: Ja<br \/>\nWi-Fi: Ja<br \/>\nBetriebstemperatur:\u00a0-30? ~ +55?<br \/>\nSchutzklasse: IP67<br \/>\nGr\u00f6\u00dfe:\u00a0142.9mm \u00d7 79.7 mm \u00d7 230.5 mm<br \/>\nGewicht: 975g<\/p>\n<\/div>\n","protected":false},"excerpt":{"rendered":"<p>Produktinformationen &#8222;Hikmicro Habrok Pro HQ50L&#8220; Hikmicro Habrok Pro HQ50L H\u00f6here W\u00e4remempfindlichkeit, einfachere Identifizierung und Erkennung. Egal ob bei Regen, Nebel oder v\u00f6lliger Dunkelheit. Mit dem NETD-Wert der n\u00e4chsten Generation von HABROK Pro werden die geschlechtsspezifischen und verhaltensspezifischen Besonderheiten von Tieren gut sichtbar und unterscheidbar. Technische Daten Aufl\u00f6sung: 640 x 512 px Sensor-Technologie: VOx IR Wellenl\u00e4nge:&#8230;<\/p>\n","protected":false},"featured_media":0,"comment_status":"open","ping_status":"closed","template":"","meta":{"_kad_post_transparent":"","_kad_post_title":"","_kad_post_layout":"","_kad_post_sidebar_id":"","_kad_post_content_style":"","_kad_post_vertical_padding":"","_kad_post_feature":"","_kad_post_feature_position":"","_kad_post_header":false,"_kad_post_footer":false,"_kad_post_classname":""},"product_brand":[],"product_cat":[24,36],"product_tag":[],"class_list":{"0":"post-11383","1":"product","2":"type-product","3":"status-publish","5":"product_cat-optik","6":"product_cat-waermebildkameras","8":"first","9":"instock","10":"taxable","11":"shipping-taxable","12":"purchasable","13":"product-type-simple","14":"entry","15":"content-bg","16":"loop-entry"},"_links":{"self":[{"href":"https:\/\/zielzeit-geringer.mgbtechnologiesdemo.in\/index.php?rest_route=\/wp\/v2\/product\/11383","targetHints":{"allow":["GET"]}}],"collection":[{"href":"https:\/\/zielzeit-geringer.mgbtechnologiesdemo.in\/index.php?rest_route=\/wp\/v2\/product"}],"about":[{"href":"https:\/\/zielzeit-geringer.mgbtechnologiesdemo.in\/index.php?rest_route=\/wp\/v2\/types\/product"}],"replies":[{"embeddable":true,"href":"https:\/\/zielzeit-geringer.mgbtechnologiesdemo.in\/index.php?rest_route=%2Fwp%2Fv2%2Fcomments&post=11383"}],"wp:attachment":[{"href":"https:\/\/zielzeit-geringer.mgbtechnologiesdemo.in\/index.php?rest_route=%2Fwp%2Fv2%2Fmedia&parent=11383"}],"wp:term":[{"taxonomy":"product_brand","embeddable":true,"href":"https:\/\/zielzeit-geringer.mgbtechnologiesdemo.in\/index.php?rest_route=%2Fwp%2Fv2%2Fproduct_brand&post=11383"},{"taxonomy":"product_cat","embeddable":true,"href":"https:\/\/zielzeit-geringer.mgbtechnologiesdemo.in\/index.php?rest_route=%2Fwp%2Fv2%2Fproduct_cat&post=11383"},{"taxonomy":"product_tag","embeddable":true,"href":"https:\/\/zielzeit-geringer.mgbtechnologiesdemo.in\/index.php?rest_route=%2Fwp%2Fv2%2Fproduct_tag&post=11383"}],"curies":[{"name":"wp","href":"https:\/\/api.w.org\/{rel}","templated":true}]}}