{"id":14450,"date":"2026-03-27T12:24:33","date_gmt":"2026-03-27T12:24:33","guid":{"rendered":"https:\/\/zielzeit-geringer.mgbtechnologiesdemo.in\/?product=vortex-strike-eagle-1-8x24-ffp"},"modified":"2026-03-27T12:24:33","modified_gmt":"2026-03-27T12:24:33","slug":"vortex-strike-eagle-1-8x24-ffp","status":"publish","type":"product","link":"https:\/\/zielzeit-geringer.mgbtechnologiesdemo.in\/?product=vortex-strike-eagle-1-8x24-ffp","title":{"rendered":"Vortex Strike Eagle 1-8&#215;24 FFP"},"content":{"rendered":"<div class=\"offcanvas-body\">\n<div class=\"product-detail-description tab-pane-container\">\n<div class=\"offcanvas-body\">\n<div class=\"product-detail-description tab-pane-container\">\n<div class=\"offcanvas-body\">\n<div class=\"product-detail-description tab-pane-container\">\n<div class=\"offcanvas-body\">\n<div class=\"product-detail-description tab-pane-container\">\n<div class=\"offcanvas-body\">\n<div class=\"product-detail-description tab-pane-container\">\n<div class=\"offcanvas-body\">\n<div class=\"product-detail-description tab-pane-container\">\n<div class=\"offcanvas-body\">\n<div class=\"product-detail-description tab-pane-container\">\n<h2 class=\"product-detail-description-title\">Produktinformationen &#8222;Vortex Strike Eagle 1-8&#215;24 FFP&#8220;<\/h2>\n<div class=\"product-detail-description-text\">\n<h2>Vortex Strike Eagle 1-8&#215;24 FFP &#8211; Dominiere den Nahbereich\u00a0und vergr\u00f6\u00dfere deine effektive Reichweite<\/h2>\n<p>Darauf haben viele LPVO Nutzer gewartet &#8211; Das Strike Eagle\u00ae 1-8&#215;24 FFP bietet dir bei jeder Vergr\u00f6\u00dferung pr\u00e4zise Haltepunkte.<br \/>\nDamit kannst sowohl den Nahbereich dominieren, als auch deine effektive Reichweite deutlich vergr\u00f6\u00dfern.<\/p>\n<p>Das EBR-8-Absehen bietet echte Rotpunkt-Leistung bei 1-facher Vergr\u00f6\u00dferung und Haltepunkte bis zu 600 Yards. Au\u00dfderdem erm\u00f6glicht\u00a0die Entfernungsmessung schnelle Entscheidungen direkt \u00fcber das Absehen.<\/p>\n<p>Mit 9 Tageslicht- und 2 Nachtsicht-Einstellungen kannst du die Beleuchtung perfekt auf dein Szenario abstimmen.<\/p>\n<p>All das steckt in einem 30-mm-Rohr mit abgedeckten T\u00fcrmen um deinen Nullpunkt sicher zu halten. Ein Throw Lever sorgt f\u00fcr schnellen Wechsel der Vergr\u00f6\u00dferung.<\/p>\n<p><strong>Vortex Strike Eagle 1-8&#215;24 FFP &#8211; Born to ring steel<\/strong><\/p>\n<p>Lieferumfang:<\/p>\n<ul>\n<li>Sonnenblende<\/li>\n<li>Throw Lever<\/li>\n<li>Flip Caps<\/li>\n<li>Reinigungstuch<\/li>\n<li>CR2032-Batterie<\/li>\n<li>2mm-Sechskantschl\u00fcssel<\/li>\n<\/ul>\n<\/div>\n<div class=\"product-detail-properties\">\n<div class=\"row product-detail-properties-container\">\n<div class=\"col-md-10 col-lg-6\">\n<table class=\"table table-striped product-detail-properties-table\">\n<tbody>\n<tr class=\"properties-row\">\n<th class=\"properties-label\">Absehen:<\/th>\n<td class=\"properties-value\">EBR-8<\/td>\n<\/tr>\n<tr class=\"properties-row\">\n<th class=\"properties-label\">Absehen Bildebene:<\/th>\n<td class=\"properties-value\">1. Bildebene (FFP)<\/td>\n<\/tr>\n<tr class=\"properties-row\">\n<th class=\"properties-label\">Absehen Verstellung:<\/th>\n<td class=\"properties-value\">MOA<\/td>\n<\/tr>\n<tr class=\"properties-row\">\n<th class=\"properties-label\">Leuchtabsehen:<\/th>\n<td class=\"properties-value\">Ja<\/td>\n<\/tr>\n<tr class=\"properties-row\">\n<th class=\"properties-label\">Mittelrohrdurchmesser:<\/th>\n<td class=\"properties-value\">30 mm<\/td>\n<\/tr>\n<tr class=\"properties-row\">\n<th class=\"properties-label\">Objektivdurchmesser:<\/th>\n<td class=\"properties-value\">24 mm<\/td>\n<\/tr>\n<tr class=\"properties-row\">\n<th class=\"properties-label\">Vergr\u00f6\u00dferung:<\/th>\n<td class=\"properties-value\">1-8fach<\/td>\n<\/tr>\n<\/tbody>\n<\/table>\n<\/div>\n<\/div>\n<\/div>\n<p align=\"left\"><strong>Technische Daten<\/strong><\/p>\n<div class=\"webv-product-detail-custom-field\">\n<p>Augenabstand: 9,9 cm<br \/>\nSehfeld auf 100m: 37,84 &#8211; 4,9 m<\/p>\n<p>Verstellt\u00fcrme: Low Capped<br \/>\nVerstelleinheiten: 1\/4 MOA<br \/>\nH\u00f6henverstellung: 145MOA<br \/>\nSeitenverstellung: 145 MOA<br \/>\nVerstellung pro Umdrehung: 25 MOA<\/p>\n<p>Mittelrohr: 30 mm<br \/>\nL\u00e4nge: 26,41 cm<br \/>\nGewicht: 677 g<br \/>\nAussendurchmesser Objektiv: 30 mm<br \/>\nAussendurchmesser Okular: 48 mm<\/p>\n<p>&nbsp;<\/p>\n<\/div>\n<\/div>\n<\/div>\n<\/div>\n<\/div>\n<\/div>\n<\/div>\n<\/div>\n<\/div>\n<\/div>\n<\/div>\n<\/div>\n<\/div>\n<\/div>\n<\/div>\n","protected":false},"excerpt":{"rendered":"<p>Produktinformationen &#8222;Vortex Strike Eagle 1-8&#215;24 FFP&#8220; Vortex Strike Eagle 1-8&#215;24 FFP &#8211; Dominiere den Nahbereich\u00a0und vergr\u00f6\u00dfere deine effektive Reichweite Darauf haben viele LPVO Nutzer gewartet &#8211; Das Strike Eagle\u00ae 1-8&#215;24 FFP bietet dir bei jeder Vergr\u00f6\u00dferung pr\u00e4zise Haltepunkte. Damit kannst sowohl den Nahbereich dominieren, als auch deine effektive Reichweite deutlich vergr\u00f6\u00dfern. Das EBR-8-Absehen bietet echte&#8230;<\/p>\n","protected":false},"featured_media":0,"comment_status":"open","ping_status":"closed","template":"","meta":{"_kad_post_transparent":"","_kad_post_title":"","_kad_post_layout":"","_kad_post_sidebar_id":"","_kad_post_content_style":"","_kad_post_vertical_padding":"","_kad_post_feature":"","_kad_post_feature_position":"","_kad_post_header":false,"_kad_post_footer":false,"_kad_post_classname":""},"product_brand":[],"product_cat":[24,29],"product_tag":[],"class_list":{"0":"post-14450","1":"product","2":"type-product","3":"status-publish","5":"product_cat-optik","6":"product_cat-zielfernrohre","8":"first","9":"instock","10":"taxable","11":"shipping-taxable","12":"purchasable","13":"product-type-simple","14":"entry","15":"content-bg","16":"loop-entry"},"_links":{"self":[{"href":"https:\/\/zielzeit-geringer.mgbtechnologiesdemo.in\/index.php?rest_route=\/wp\/v2\/product\/14450","targetHints":{"allow":["GET"]}}],"collection":[{"href":"https:\/\/zielzeit-geringer.mgbtechnologiesdemo.in\/index.php?rest_route=\/wp\/v2\/product"}],"about":[{"href":"https:\/\/zielzeit-geringer.mgbtechnologiesdemo.in\/index.php?rest_route=\/wp\/v2\/types\/product"}],"replies":[{"embeddable":true,"href":"https:\/\/zielzeit-geringer.mgbtechnologiesdemo.in\/index.php?rest_route=%2Fwp%2Fv2%2Fcomments&post=14450"}],"wp:attachment":[{"href":"https:\/\/zielzeit-geringer.mgbtechnologiesdemo.in\/index.php?rest_route=%2Fwp%2Fv2%2Fmedia&parent=14450"}],"wp:term":[{"taxonomy":"product_brand","embeddable":true,"href":"https:\/\/zielzeit-geringer.mgbtechnologiesdemo.in\/index.php?rest_route=%2Fwp%2Fv2%2Fproduct_brand&post=14450"},{"taxonomy":"product_cat","embeddable":true,"href":"https:\/\/zielzeit-geringer.mgbtechnologiesdemo.in\/index.php?rest_route=%2Fwp%2Fv2%2Fproduct_cat&post=14450"},{"taxonomy":"product_tag","embeddable":true,"href":"https:\/\/zielzeit-geringer.mgbtechnologiesdemo.in\/index.php?rest_route=%2Fwp%2Fv2%2Fproduct_tag&post=14450"}],"curies":[{"name":"wp","href":"https:\/\/api.w.org\/{rel}","templated":true}]}}